{"id":16,"date":"2014-07-19T18:07:19","date_gmt":"2014-07-19T17:07:19","guid":{"rendered":"http:\/\/www.impro-geneve.ch\/mondial\/?page_id=16"},"modified":"2022-10-21T10:30:15","modified_gmt":"2022-10-21T09:30:15","slug":"les-matchs","status":"publish","type":"page","link":"https:\/\/www.impro-geneve.ch\/mondial\/les-matchs\/","title":{"rendered":"LES MATCHS"},"content":{"rendered":"<h1><span style=\"color: #800000;\">CALENDRIER<\/span><\/h1>\n<p><span style=\"color: #000000;\">Pendant dix jours, les cinq \u00e9quipes internationales du Mondial d&rsquo;impro s&rsquo;affrontent. Les matchs de la phase qualificative se d\u00e9roulent au <strong>Th\u00e9\u00e2tre de la Madeleine<\/strong>. Les deux \u00e9quipes qui auront r\u00e9colt\u00e9 le plus de points \u00e0 l&rsquo;issue de la premi\u00e8re phase auront l&rsquo;honneur de se produire sur la sc\u00e8ne du <strong>B\u00e2timent des Forces Motrices<\/strong>, le 22 octobre pour la finale. Cette rencontre sera d\u00e9cisive et d\u00e9signera les nouveaux champions du monde d&rsquo;impro th\u00e9\u00e2trale!<\/span><\/p>\n<table style=\"height: 1049px;\" width=\"624\">\n<tbody>\n<tr>\n<td style=\"text-align: center;\" width=\"133\">\n<h5><span style=\"color: #ff0000;\"><strong>DATE<\/strong><\/span><\/h5>\n<\/td>\n<td style=\"text-align: center;\" width=\"121\">\n<h5><span style=\"color: #ff0000;\"><strong>\u00c9QUIPES<\/strong><\/span><\/h5>\n<\/td>\n<td style=\"text-align: center;\" width=\"142\">\n<h5><span style=\"color: #ff0000;\"><strong>LIEU<\/strong><\/span><\/h5>\n<\/td>\n<td width=\"54\">\n<h5 style=\"text-align: center;\"><span style=\"color: #ff0000;\"><strong>SCORE<\/strong><\/span><\/h5>\n<\/td>\n<\/tr>\n<tr>\n<td width=\"133\">\n<h5 style=\"text-align: center;\"><span style=\"color: #800000;\">Mercredi 12\/10 \u00e0 20h<\/span><\/h5>\n<\/td>\n<td style=\"text-align: center;\" width=\"121\">\n<h5><span style=\"color: #000000;\">Suisse \u2013 Belgique<\/span><\/h5>\n<\/td>\n<td style=\"text-align: center;\" width=\"142\">\n<h5><span style=\"color: #808080;\"><a href=\"http:\/\/www.sallecentrale.ch\/\"><span style=\"color: #808080;\">Th\u00e9\u00e2tre de la Madeleine<\/span><\/a><\/span><\/h5>\n<\/td>\n<td style=\"text-align: center;\" width=\"54\">\n<h5>7-5<\/h5>\n<\/td>\n<\/tr>\n<tr>\n<td width=\"133\">\n<h5 style=\"text-align: center;\"><span style=\"color: #800000;\">Jeudi 13\/10 \u00e0 20h<\/span><\/h5>\n<\/td>\n<td style=\"text-align: center;\" width=\"121\">\n<h5><span style=\"color: #000000;\">France \u2013 Qu\u00e9bec<\/span><\/h5>\n<\/td>\n<td style=\"text-align: center;\" width=\"142\">\n<h5><a href=\"http:\/\/www.sallecentrale.ch\/\"><span style=\"color: #808080;\">Th\u00e9\u00e2tre de la Madeleine<\/span><\/a><\/h5>\n<\/td>\n<td style=\"text-align: center;\" width=\"54\">\n<h5><span style=\"color: #000000;\">4-10\u00a0<\/span><\/h5>\n<\/td>\n<\/tr>\n<tr>\n<td width=\"133\">\n<h5 style=\"text-align: center;\"><span style=\"color: #800000;\">Vendredi 14\/10 \u00e0 20h<\/span><\/h5>\n<\/td>\n<td style=\"text-align: center;\" width=\"121\">\n<h5><span style=\"color: #000000;\">Suisse \u2013 Italie<\/span><\/h5>\n<\/td>\n<td style=\"text-align: center;\" width=\"142\">\n<h5><a href=\"http:\/\/www.sallecentrale.ch\/\"><span style=\"color: #808080;\">Th\u00e9\u00e2tre de la Madeleine<\/span><\/a><\/h5>\n<\/td>\n<td style=\"text-align: center;\" width=\"54\">\n<h5>7-5<\/h5>\n<\/td>\n<\/tr>\n<tr>\n<td width=\"133\">\n<h5 style=\"text-align: center;\"><span style=\"color: #800000;\">Samedi 15\/10 \u00e0 17h<\/span><\/h5>\n<\/td>\n<td style=\"text-align: center;\" width=\"121\">\n<h5><span style=\"color: #000000;\">Qu\u00e9bec \u2013 Belgique<\/span><\/h5>\n<\/td>\n<td style=\"text-align: center;\" width=\"142\">\n<h5><a href=\"http:\/\/www.sallecentrale.ch\/\"><span style=\"color: #808080;\">Th\u00e9\u00e2tre de la Madeleine<\/span><\/a><\/h5>\n<\/td>\n<td style=\"text-align: center;\" width=\"54\">\n<h5>8-7<\/h5>\n<\/td>\n<\/tr>\n<tr>\n<td width=\"133\">\n<h5 style=\"text-align: center;\"><span style=\"color: #800000;\">Samedi 15\/10 \u00e0 20h<\/span><\/h5>\n<\/td>\n<td style=\"text-align: center;\" width=\"121\">\n<h5><span style=\"color: #000000;\">France \u2013 Italie<\/span><\/h5>\n<\/td>\n<td style=\"text-align: center;\" width=\"142\">\n<h5><a href=\"http:\/\/www.sallecentrale.ch\/\"><span style=\"color: #808080;\">Th\u00e9\u00e2tre de la Madeleine<\/span><\/a><\/h5>\n<\/td>\n<td style=\"text-align: center;\" width=\"54\">\n<h5>8-7<\/h5>\n<\/td>\n<\/tr>\n<tr>\n<td width=\"133\">\n<h5 style=\"text-align: center;\"><span style=\"color: #800000;\">Lundi 17\/10 \u00e0 20h<\/span><\/h5>\n<\/td>\n<td style=\"text-align: center;\" width=\"121\">\n<h5><span style=\"color: #000000;\">Suisse \u2013 Qu\u00e9bec<\/span><\/h5>\n<\/td>\n<td style=\"text-align: center;\" width=\"142\">\n<h5><a href=\"http:\/\/www.sallecentrale.ch\/\"><span style=\"color: #808080;\">Th\u00e9\u00e2tre de la Madeleine<\/span><\/a><\/h5>\n<\/td>\n<td style=\"text-align: center;\" width=\"54\">\n<h5>6-7<\/h5>\n<\/td>\n<\/tr>\n<tr>\n<td width=\"133\">\n<h5 style=\"text-align: center;\"><span style=\"color: #800000;\">Mardi 18\/10 \u00e0 20h<\/span><\/h5>\n<\/td>\n<td style=\"text-align: center;\" width=\"121\">\n<h5><span style=\"color: #000000;\">Italie \u2013 Belgique<\/span><\/h5>\n<\/td>\n<td style=\"text-align: center;\" width=\"142\">\n<h5><a href=\"http:\/\/www.sallecentrale.ch\/\"><span style=\"color: #808080;\">Th\u00e9\u00e2tre de la Madeleine<\/span><\/a><\/h5>\n<\/td>\n<td style=\"text-align: center;\" width=\"54\">\n<h5>5-8<\/h5>\n<\/td>\n<\/tr>\n<tr>\n<td width=\"133\">\n<h5 style=\"text-align: center;\"><span style=\"color: #800000;\">Mercredi 19\/10 \u00e0 20h<\/span><\/h5>\n<\/td>\n<td style=\"text-align: center;\" width=\"121\">\n<h5><span style=\"color: #000000;\">Suisse \u2013 France<\/span><\/h5>\n<\/td>\n<td style=\"text-align: center;\" width=\"142\">\n<h5><a href=\"http:\/\/www.sallecentrale.ch\/\"><span style=\"color: #808080;\">Th\u00e9\u00e2tre de la Madeleine<\/span><\/a><\/h5>\n<\/td>\n<td style=\"text-align: center;\" width=\"54\">\n<h5>7-5<\/h5>\n<\/td>\n<\/tr>\n<tr>\n<td width=\"133\">\n<h5 style=\"text-align: center;\"><span style=\"color: #800000;\">Jeudi 20\/10 \u00e0 20h<\/span><\/h5>\n<\/td>\n<td style=\"text-align: center;\" width=\"121\">\n<h5><span style=\"color: #000000;\">Qu\u00e9bec \u2013 Italie<\/span><\/h5>\n<\/td>\n<td style=\"text-align: center;\" width=\"142\">\n<h5><a href=\"http:\/\/www.sallecentrale.ch\/\"><span style=\"color: #808080;\">Th\u00e9\u00e2tre de la Madeleine<\/span><\/a><\/h5>\n<\/td>\n<td style=\"text-align: center;\" width=\"54\">\n<h5>9-4<\/h5>\n<\/td>\n<\/tr>\n<tr>\n<td width=\"133\">\n<h5 style=\"text-align: center;\"><span style=\"color: #800000;\">Vendredi 21\/10 \u00e0 20h<\/span><\/h5>\n<\/td>\n<td style=\"text-align: center;\" width=\"121\">\n<h5><span style=\"color: #000000;\">Belgique \u2013 France<\/span><\/h5>\n<\/td>\n<td style=\"text-align: center;\" width=\"142\">\n<h5><a href=\"http:\/\/www.sallecentrale.ch\/\"><span style=\"color: #808080;\">Th\u00e9\u00e2tre de la Madeleine<\/span><\/a><\/h5>\n<\/td>\n<td style=\"text-align: center;\" width=\"54\">\n<h5><\/h5>\n<\/td>\n<\/tr>\n<tr>\n<td width=\"133\">\n<h5 style=\"text-align: center;\"><span style=\"color: #800000;\">Samedi 22\/10 \u00e0 20h<\/span><\/h5>\n<\/td>\n<td style=\"text-align: center;\" width=\"121\">\n<h5><span style=\"color: #000000;\">FINALE <\/span><\/h5>\n<\/td>\n<td style=\"text-align: center;\" width=\"142\">\n<h5><a href=\"https:\/\/www.bfm.ch\/\"><span style=\"color: #808080;\">B\u00e2timent des Forces Motrices<\/span><\/a><\/h5>\n<\/td>\n<td style=\"text-align: center;\" width=\"54\">\n<h5><\/h5>\n<\/td>\n<\/tr>\n<\/tbody>\n<\/table>\n<p><a href=\"http:\/\/www.impro-geneve.ch\/mondial\/wp-content\/uploads\/2018\/10\/44106605_241828066687607_2995678859338186752_n.jpg\"><img loading=\"lazy\" class=\"aligncenter wp-image-1094 size-full\" src=\"http:\/\/www.impro-geneve.ch\/mondial\/wp-content\/uploads\/2018\/10\/44106605_241828066687607_2995678859338186752_n.jpg\" alt=\"\" width=\"960\" height=\"640\" srcset=\"https:\/\/www.impro-geneve.ch\/mondial\/wp-content\/uploads\/2018\/10\/44106605_241828066687607_2995678859338186752_n.jpg 960w, https:\/\/www.impro-geneve.ch\/mondial\/wp-content\/uploads\/2018\/10\/44106605_241828066687607_2995678859338186752_n-300x200.jpg 300w, https:\/\/www.impro-geneve.ch\/mondial\/wp-content\/uploads\/2018\/10\/44106605_241828066687607_2995678859338186752_n-624x416.jpg 624w\" sizes=\"(max-width: 960px) 100vw, 960px\" \/><\/a><\/p>\n","protected":false},"excerpt":{"rendered":"<p>CALENDRIER Pendant dix jours, les cinq \u00e9quipes internationales du Mondial d&rsquo;impro s&rsquo;affrontent. Les matchs de la phase qualificative se d\u00e9roulent au Th\u00e9\u00e2tre de la Madeleine. Les deux \u00e9quipes qui auront r\u00e9colt\u00e9 le plus de points \u00e0 l&rsquo;issue de la premi\u00e8re phase auront l&rsquo;honneur de se produire sur la sc\u00e8ne du B\u00e2timent des Forces Motrices, le [&hellip;]<\/p>\n","protected":false},"author":1,"featured_media":0,"parent":0,"menu_order":0,"comment_status":"closed","ping_status":"open","template":"","meta":[],"_links":{"self":[{"href":"https:\/\/www.impro-geneve.ch\/mondial\/wp-json\/wp\/v2\/pages\/16"}],"collection":[{"href":"https:\/\/www.impro-geneve.ch\/mondial\/wp-json\/wp\/v2\/pages"}],"about":[{"href":"https:\/\/www.impro-geneve.ch\/mondial\/wp-json\/wp\/v2\/types\/page"}],"author":[{"embeddable":true,"href":"https:\/\/www.impro-geneve.ch\/mondial\/wp-json\/wp\/v2\/users\/1"}],"replies":[{"embeddable":true,"href":"https:\/\/www.impro-geneve.ch\/mondial\/wp-json\/wp\/v2\/comments?post=16"}],"version-history":[{"count":74,"href":"https:\/\/www.impro-geneve.ch\/mondial\/wp-json\/wp\/v2\/pages\/16\/revisions"}],"predecessor-version":[{"id":1466,"href":"https:\/\/www.impro-geneve.ch\/mondial\/wp-json\/wp\/v2\/pages\/16\/revisions\/1466"}],"wp:attachment":[{"href":"https:\/\/www.impro-geneve.ch\/mondial\/wp-json\/wp\/v2\/media?parent=16"}],"curies":[{"name":"wp","href":"https:\/\/api.w.org\/{rel}","templated":true}]}}