{"id":733,"date":"2018-05-15T09:33:49","date_gmt":"2018-05-15T08:33:49","guid":{"rendered":"http:\/\/www.impro-geneve.ch\/mondial\/?page_id=733"},"modified":"2022-07-21T14:46:05","modified_gmt":"2022-07-21T13:46:05","slug":"le-mondial-2","status":"publish","type":"page","link":"https:\/\/www.impro-geneve.ch\/mondial\/le-mondial-2\/","title":{"rendered":"LE MONDIAL"},"content":{"rendered":"<p><strong>Le Mondial d\u2019improvisation est le plus important et plus ancien tournoi d\u2019improvisation th\u00e9\u00e2trale au monde<\/strong>. A tour de r\u00f4le, la Belgique, la France, le Qu\u00e9bec et la Suisse organisent cette comp\u00e9tition.<\/p>\n<p>Lanc\u00e9 en 1991, le Mondial d\u2019Improvisation th\u00e9\u00e2trale est l\u2019oeuvre de\u00a0quatre associations: la F\u00e9d\u00e9ration Belge d\u2019Improvisation Amateur (FBIA), la Ligue d\u2019Improvisation Montr\u00e9alaise (LIM), la Lolita de Strasbourg et la F\u00e9d\u00e9ration d\u2019Improvisation Genevoise (FIG). En 2002, \u00e0 l\u2019invitation de Gen\u00e8ve, les Italiens de la troupe Improvisazione Teatrale, rejoignent le Mondial. Puis en 2012 la LIM se retire\u00a0et est remplac\u00e9e par la Coalition des Improvisateurs Anonymes\u00a0(CIA) comme ligue qu\u00e9b\u00e9coise.<\/p>\n<p>La Belgique est l&rsquo;\u00e9quipe la plus titr\u00e9e avec douze victoires, devant le Qu\u00e9bec et ses dix couronnes. La Suisse est troisi\u00e8me avec deux titres (2006 et 2016) suivie directement de la France et son unique victoire\u00a0obtenue\u00a0en 2015.<\/p>\n<h2>Palmar\u00e8s<\/h2>\n<table dir=\"ltr\" border=\"1\" cellspacing=\"0\" cellpadding=\"0\">\n<colgroup>\n<col width=\"100\" \/>\n<col width=\"100\" \/>\n<col width=\"100\" \/><\/colgroup>\n<tbody>\n<tr>\n<td data-sheets-value=\"{&quot;1&quot;:2,&quot;2&quot;:&quot;ANN\u00c9E&quot;}\"><strong>ANN\u00c9E<\/strong><\/td>\n<td data-sheets-value=\"{&quot;1&quot;:2,&quot;2&quot;:&quot;VILLE D\u2019ACCUEIL&quot;}\"><strong>VILLE D\u2019ACCUEIL<\/strong><\/td>\n<td data-sheets-value=\"{&quot;1&quot;:2,&quot;2&quot;:&quot;VAINQUEUR&quot;}\" data-sheets-numberformat=\"{&quot;1&quot;:2,&quot;2&quot;:&quot;#,##0.00&quot;,&quot;3&quot;:1}\"><strong>VAINQUEUR<\/strong><\/td>\n<\/tr>\n<tr>\n<td data-sheets-value=\"{&quot;1&quot;:3,&quot;3&quot;:1992}\">1992<\/td>\n<td data-sheets-value=\"{&quot;1&quot;:2,&quot;2&quot;:&quot;Montr\u00e9al&quot;}\">Montr\u00e9al<\/td>\n<td data-sheets-value=\"{&quot;1&quot;:2,&quot;2&quot;:&quot;Qu\u00e9bec&quot;}\" data-sheets-numberformat=\"{&quot;1&quot;:2,&quot;2&quot;:&quot;#,##0.00&quot;,&quot;3&quot;:1}\">Qu\u00e9bec<\/td>\n<\/tr>\n<tr>\n<td data-sheets-value=\"{&quot;1&quot;:3,&quot;3&quot;:1993}\">1993<\/td>\n<td data-sheets-value=\"{&quot;1&quot;:2,&quot;2&quot;:&quot;Bruxelles&quot;}\">Bruxelles<\/td>\n<td data-sheets-value=\"{&quot;1&quot;:2,&quot;2&quot;:&quot;Qu\u00e9bec&quot;}\" data-sheets-numberformat=\"{&quot;1&quot;:2,&quot;2&quot;:&quot;#,##0.00&quot;,&quot;3&quot;:1}\">Qu\u00e9bec<\/td>\n<\/tr>\n<tr>\n<td data-sheets-value=\"{&quot;1&quot;:3,&quot;3&quot;:1994}\">1994<\/td>\n<td data-sheets-value=\"{&quot;1&quot;:2,&quot;2&quot;:&quot;Gen\u00e8ve&quot;}\">Gen\u00e8ve<\/td>\n<td data-sheets-value=\"{&quot;1&quot;:2,&quot;2&quot;:&quot;Belgique&quot;}\" data-sheets-numberformat=\"{&quot;1&quot;:2,&quot;2&quot;:&quot;#,##0.00&quot;,&quot;3&quot;:1}\">Belgique<\/td>\n<\/tr>\n<tr>\n<td data-sheets-value=\"{&quot;1&quot;:3,&quot;3&quot;:1995}\">1995<\/td>\n<td data-sheets-value=\"{&quot;1&quot;:2,&quot;2&quot;:&quot;Strasbourg&quot;}\">Strasbourg<\/td>\n<td data-sheets-value=\"{&quot;1&quot;:2,&quot;2&quot;:&quot;Belgique&quot;}\" data-sheets-numberformat=\"{&quot;1&quot;:2,&quot;2&quot;:&quot;#,##0.00&quot;,&quot;3&quot;:1}\">Belgique<\/td>\n<\/tr>\n<tr>\n<td data-sheets-value=\"{&quot;1&quot;:3,&quot;3&quot;:1996}\">1996<\/td>\n<td data-sheets-value=\"{&quot;1&quot;:2,&quot;2&quot;:&quot;Bruxelles&quot;}\">Bruxelles<\/td>\n<td data-sheets-value=\"{&quot;1&quot;:2,&quot;2&quot;:&quot;Belgique&quot;}\" data-sheets-numberformat=\"{&quot;1&quot;:2,&quot;2&quot;:&quot;#,##0.00&quot;,&quot;3&quot;:1}\">Belgique<\/td>\n<\/tr>\n<tr>\n<td data-sheets-value=\"{&quot;1&quot;:3,&quot;3&quot;:1997}\">1997<\/td>\n<td data-sheets-value=\"{&quot;1&quot;:2,&quot;2&quot;:&quot;Yvelines&quot;}\">Yvelines<\/td>\n<td data-sheets-value=\"{&quot;1&quot;:2,&quot;2&quot;:&quot;Belgique&quot;}\" data-sheets-numberformat=\"{&quot;1&quot;:2,&quot;2&quot;:&quot;#,##0.00&quot;,&quot;3&quot;:1}\">Belgique<\/td>\n<\/tr>\n<tr>\n<td data-sheets-value=\"{&quot;1&quot;:3,&quot;3&quot;:1998}\">1998<\/td>\n<td data-sheets-value=\"{&quot;1&quot;:2,&quot;2&quot;:&quot;Gen\u00e8ve \/ Lausanne&quot;}\">Gen\u00e8ve \/ Lausanne<\/td>\n<td data-sheets-value=\"{&quot;1&quot;:2,&quot;2&quot;:&quot;Qu\u00e9bec&quot;}\" data-sheets-numberformat=\"{&quot;1&quot;:2,&quot;2&quot;:&quot;#,##0.00&quot;,&quot;3&quot;:1}\">Qu\u00e9bec<\/td>\n<\/tr>\n<tr>\n<td data-sheets-value=\"{&quot;1&quot;:3,&quot;3&quot;:1999}\">1999<\/td>\n<td data-sheets-value=\"{&quot;1&quot;:2,&quot;2&quot;:&quot;Strasbourg&quot;}\">Strasbourg<\/td>\n<td data-sheets-value=\"{&quot;1&quot;:2,&quot;2&quot;:&quot;Qu\u00e9bec&quot;}\">Qu\u00e9bec<\/td>\n<\/tr>\n<tr>\n<td data-sheets-value=\"{&quot;1&quot;:3,&quot;3&quot;:2000}\">2000<\/td>\n<td data-sheets-value=\"{&quot;1&quot;:2,&quot;2&quot;:&quot;Montr\u00e9al&quot;}\">Montr\u00e9al<\/td>\n<td data-sheets-value=\"{&quot;1&quot;:2,&quot;2&quot;:&quot;Belgique&quot;}\">Belgique<\/td>\n<\/tr>\n<tr>\n<td data-sheets-value=\"{&quot;1&quot;:3,&quot;3&quot;:2001}\">2001<\/td>\n<td data-sheets-value=\"{&quot;1&quot;:2,&quot;2&quot;:&quot;Bruxelles&quot;}\">Bruxelles<\/td>\n<td data-sheets-value=\"{&quot;1&quot;:2,&quot;2&quot;:&quot;Belgique&quot;}\">Belgique<\/td>\n<\/tr>\n<tr>\n<td data-sheets-value=\"{&quot;1&quot;:3,&quot;3&quot;:2002}\">2002<\/td>\n<td data-sheets-value=\"{&quot;1&quot;:2,&quot;2&quot;:&quot;Gen\u00e8ve&quot;}\">Gen\u00e8ve<\/td>\n<td data-sheets-value=\"{&quot;1&quot;:2,&quot;2&quot;:&quot;Qu\u00e9bec&quot;}\">Qu\u00e9bec<\/td>\n<\/tr>\n<tr>\n<td data-sheets-value=\"{&quot;1&quot;:3,&quot;3&quot;:2003}\">2003<\/td>\n<td data-sheets-value=\"{&quot;1&quot;:2,&quot;2&quot;:&quot;Strasbourg&quot;}\">Strasbourg<\/td>\n<td data-sheets-value=\"{&quot;1&quot;:2,&quot;2&quot;:&quot;Qu\u00e9bec&quot;}\">Qu\u00e9bec<\/td>\n<\/tr>\n<tr>\n<td data-sheets-value=\"{&quot;1&quot;:3,&quot;3&quot;:2004}\">2004<\/td>\n<td data-sheets-value=\"{&quot;1&quot;:2,&quot;2&quot;:&quot;Montr\u00e9al&quot;}\">Montr\u00e9al<\/td>\n<td data-sheets-value=\"{&quot;1&quot;:2,&quot;2&quot;:&quot;Belgique&quot;}\">Belgique<\/td>\n<\/tr>\n<tr>\n<td data-sheets-value=\"{&quot;1&quot;:3,&quot;3&quot;:2005}\">2005<\/td>\n<td data-sheets-value=\"{&quot;1&quot;:2,&quot;2&quot;:&quot;Bruxelles&quot;}\">Bruxelles<\/td>\n<td data-sheets-value=\"{&quot;1&quot;:2,&quot;2&quot;:&quot;Belgique&quot;}\">Belgique<\/td>\n<\/tr>\n<tr>\n<td data-sheets-value=\"{&quot;1&quot;:3,&quot;3&quot;:2006}\">2006<\/td>\n<td data-sheets-value=\"{&quot;1&quot;:2,&quot;2&quot;:&quot;Gen\u00e8ve&quot;}\">Gen\u00e8ve<\/td>\n<td data-sheets-value=\"{&quot;1&quot;:2,&quot;2&quot;:&quot;Suisse&quot;}\">Suisse<\/td>\n<\/tr>\n<tr>\n<td data-sheets-value=\"{&quot;1&quot;:3,&quot;3&quot;:2007}\">2007<\/td>\n<td data-sheets-value=\"{&quot;1&quot;:2,&quot;2&quot;:&quot;Strasbourg&quot;}\">Strasbourg<\/td>\n<td data-sheets-value=\"{&quot;1&quot;:2,&quot;2&quot;:&quot;Belgique&quot;}\">Belgique<\/td>\n<\/tr>\n<tr>\n<td data-sheets-value=\"{&quot;1&quot;:3,&quot;3&quot;:2008}\">2008<\/td>\n<td data-sheets-value=\"{&quot;1&quot;:2,&quot;2&quot;:&quot;Montr\u00e9al&quot;}\">Montr\u00e9al<\/td>\n<td data-sheets-value=\"{&quot;1&quot;:2,&quot;2&quot;:&quot;Qu\u00e9bec&quot;}\">Qu\u00e9bec<\/td>\n<\/tr>\n<tr>\n<td data-sheets-value=\"{&quot;1&quot;:3,&quot;3&quot;:2009}\">2009<\/td>\n<td data-sheets-value=\"{&quot;1&quot;:2,&quot;2&quot;:&quot;Bruxelles&quot;}\">Bruxelles<\/td>\n<td data-sheets-value=\"{&quot;1&quot;:2,&quot;2&quot;:&quot;Belgique&quot;}\">Belgique<\/td>\n<\/tr>\n<tr>\n<td data-sheets-value=\"{&quot;1&quot;:3,&quot;3&quot;:2010}\">2010<\/td>\n<td data-sheets-value=\"{&quot;1&quot;:2,&quot;2&quot;:&quot;Gen\u00e8ve&quot;}\">Gen\u00e8ve<\/td>\n<td data-sheets-value=\"{&quot;1&quot;:2,&quot;2&quot;:&quot;Belgique&quot;}\">Belgique<\/td>\n<\/tr>\n<tr>\n<td data-sheets-value=\"{&quot;1&quot;:3,&quot;3&quot;:2011}\">2011<\/td>\n<td data-sheets-value=\"{&quot;1&quot;:2,&quot;2&quot;:&quot;Strasbourg&quot;}\">Strasbourg<\/td>\n<td data-sheets-value=\"{&quot;1&quot;:2,&quot;2&quot;:&quot;Qu\u00e9bec&quot;}\">Qu\u00e9bec<\/td>\n<\/tr>\n<tr>\n<td data-sheets-value=\"{&quot;1&quot;:3,&quot;3&quot;:2013}\">2013<\/td>\n<td data-sheets-value=\"{&quot;1&quot;:2,&quot;2&quot;:&quot;Bruxelles&quot;}\">Bruxelles<\/td>\n<td data-sheets-value=\"{&quot;1&quot;:2,&quot;2&quot;:&quot;Qu\u00e9bec&quot;}\">Qu\u00e9bec<\/td>\n<\/tr>\n<tr>\n<td data-sheets-value=\"{&quot;1&quot;:3,&quot;3&quot;:2014}\">2014<\/td>\n<td data-sheets-value=\"{&quot;1&quot;:2,&quot;2&quot;:&quot;Gen\u00e8ve&quot;}\">Gen\u00e8ve<\/td>\n<td data-sheets-value=\"{&quot;1&quot;:2,&quot;2&quot;:&quot;Qu\u00e9bec&quot;}\">Qu\u00e9bec<\/td>\n<\/tr>\n<tr>\n<td data-sheets-value=\"{&quot;1&quot;:3,&quot;3&quot;:2015}\">2015<\/td>\n<td data-sheets-value=\"{&quot;1&quot;:2,&quot;2&quot;:&quot;Strasbourg&quot;}\">Strasbourg<\/td>\n<td data-sheets-value=\"{&quot;1&quot;:2,&quot;2&quot;:&quot;France&quot;}\">France<\/td>\n<\/tr>\n<tr>\n<td data-sheets-value=\"{&quot;1&quot;:3,&quot;3&quot;:2016}\">2016<\/td>\n<td data-sheets-value=\"{&quot;1&quot;:2,&quot;2&quot;:&quot;Montr\u00e9al&quot;}\">Montr\u00e9al<\/td>\n<td data-sheets-value=\"{&quot;1&quot;:2,&quot;2&quot;:&quot;Suisse&quot;}\">Suisse<\/td>\n<\/tr>\n<tr>\n<td data-sheets-value=\"{&quot;1&quot;:3,&quot;3&quot;:2017}\">2017<\/td>\n<td data-sheets-value=\"{&quot;1&quot;:2,&quot;2&quot;:&quot;Bruxelles&quot;}\">Bruxelles<\/td>\n<td data-sheets-value=\"{&quot;1&quot;:2,&quot;2&quot;:&quot;Belgique&quot;}\">Belgique<\/td>\n<\/tr>\n<tr>\n<td data-sheets-value=\"{&quot;1&quot;:3,&quot;3&quot;:2018}\">2018<\/td>\n<td data-sheets-value=\"{&quot;1&quot;:2,&quot;2&quot;:&quot;Gen\u00e8ve&quot;}\">Gen\u00e8ve<\/td>\n<td data-sheets-value=\"{&quot;1&quot;:2,&quot;2&quot;:&quot;Qu\u00e9bec&quot;}\">Qu\u00e9bec<\/td>\n<\/tr>\n<tr>\n<td data-sheets-value=\"{&quot;1&quot;:3,&quot;3&quot;:2019}\">2019<\/td>\n<td data-sheets-value=\"{&quot;1&quot;:2,&quot;2&quot;:&quot;Strasbourg&quot;}\">Strasbourg<\/td>\n<td data-sheets-value=\"{&quot;1&quot;:2,&quot;2&quot;:&quot;Qu\u00e9bec&quot;}\">Qu\u00e9bec<\/td>\n<\/tr>\n<\/tbody>\n<\/table>\n<p><a href=\"http:\/\/www.impro-geneve.ch\/mondial\/wp-content\/uploads\/2018\/05\/14570306_1112245962192070_1524826087522572830_n.jpg\"><img loading=\"lazy\" class=\"alignnone size-full wp-image-833\" src=\"http:\/\/www.impro-geneve.ch\/mondial\/wp-content\/uploads\/2018\/05\/14570306_1112245962192070_1524826087522572830_n.jpg\" alt=\"14570306_1112245962192070_1524826087522572830_n\" width=\"960\" height=\"720\" srcset=\"https:\/\/www.impro-geneve.ch\/mondial\/wp-content\/uploads\/2018\/05\/14570306_1112245962192070_1524826087522572830_n.jpg 960w, https:\/\/www.impro-geneve.ch\/mondial\/wp-content\/uploads\/2018\/05\/14570306_1112245962192070_1524826087522572830_n-300x225.jpg 300w, https:\/\/www.impro-geneve.ch\/mondial\/wp-content\/uploads\/2018\/05\/14570306_1112245962192070_1524826087522572830_n-624x468.jpg 624w\" sizes=\"(max-width: 960px) 100vw, 960px\" \/><\/a>L&rsquo;Equipe de Suisse titr\u00e9e en 2016 \u00e0 Montr\u00e9al.<\/p>\n","protected":false},"excerpt":{"rendered":"<p>Le Mondial d\u2019improvisation est le plus important et plus ancien tournoi d\u2019improvisation th\u00e9\u00e2trale au monde. A tour de r\u00f4le, la Belgique, la France, le Qu\u00e9bec et la Suisse organisent cette comp\u00e9tition. Lanc\u00e9 en 1991, le Mondial d\u2019Improvisation th\u00e9\u00e2trale est l\u2019oeuvre de\u00a0quatre associations: la F\u00e9d\u00e9ration Belge d\u2019Improvisation Amateur (FBIA), la Ligue d\u2019Improvisation Montr\u00e9alaise (LIM), la Lolita [&hellip;]<\/p>\n","protected":false},"author":2,"featured_media":0,"parent":0,"menu_order":0,"comment_status":"closed","ping_status":"closed","template":"","meta":[],"_links":{"self":[{"href":"https:\/\/www.impro-geneve.ch\/mondial\/wp-json\/wp\/v2\/pages\/733"}],"collection":[{"href":"https:\/\/www.impro-geneve.ch\/mondial\/wp-json\/wp\/v2\/pages"}],"about":[{"href":"https:\/\/www.impro-geneve.ch\/mondial\/wp-json\/wp\/v2\/types\/page"}],"author":[{"embeddable":true,"href":"https:\/\/www.impro-geneve.ch\/mondial\/wp-json\/wp\/v2\/users\/2"}],"replies":[{"embeddable":true,"href":"https:\/\/www.impro-geneve.ch\/mondial\/wp-json\/wp\/v2\/comments?post=733"}],"version-history":[{"count":14,"href":"https:\/\/www.impro-geneve.ch\/mondial\/wp-json\/wp\/v2\/pages\/733\/revisions"}],"predecessor-version":[{"id":1276,"href":"https:\/\/www.impro-geneve.ch\/mondial\/wp-json\/wp\/v2\/pages\/733\/revisions\/1276"}],"wp:attachment":[{"href":"https:\/\/www.impro-geneve.ch\/mondial\/wp-json\/wp\/v2\/media?parent=733"}],"curies":[{"name":"wp","href":"https:\/\/api.w.org\/{rel}","templated":true}]}}