{"id":739,"date":"2018-05-15T09:35:59","date_gmt":"2018-05-15T08:35:59","guid":{"rendered":"http:\/\/www.impro-geneve.ch\/mondial\/?page_id=739"},"modified":"2022-07-21T15:06:59","modified_gmt":"2022-07-21T14:06:59","slug":"les-regles","status":"publish","type":"page","link":"https:\/\/www.impro-geneve.ch\/mondial\/les-regles\/","title":{"rendered":"LES R\u00c8GLES"},"content":{"rendered":"<p>Afin de garantir des spectacles de haute qualit\u00e9 et offrir une certaine vari\u00e9t\u00e9 de jeu, les com\u00e9diens doivent se soumettre \u00e0 diverses contraintes impos\u00e9es par le Maitre de Jeu : temps, nombre de joueurs, styles etc.\u00a0Le Maitre de Jeu peut siffler des p\u00e9nalit\u00e9s afin de recadrer des joueurs ou une \u00e9quipe. Une accumulation de trois p\u00e9nalit\u00e9s offre automatiquement un point \u00e0 l\u2019autre \u00e9quipe.<\/p>\n<p>En cas d\u2019\u00e9galit\u00e9 en fin de match, une improvisation suppl\u00e9mentaire sera jou\u00e9e afin de d\u00e9partager les \u00e9quipes. Les points ne sont annonc\u00e9s publiquement qu\u2019apr\u00e8s le dernier vote de la derni\u00e8re improvisation.<\/p>\n<p>Pour chaque match, l\u2019\u00e9quipe victorieuse dans le temps r\u00e9glementaire gagne 3 points au classement. Si une improvisation suppl\u00e9mentaire est jou\u00e9e, l\u2019\u00e9quipe gagnante re\u00e7oit deux points au classement, l\u2019\u00e9quipe perdante n\u2019en re\u00e7oit qu\u2019 un.<\/p>\n<p>Les deux \u00e9quipes qui remporteront le plus de points lors des tours de qualification joueront la finale au Th\u00e9\u00e2tre du L\u00e9man.<\/p>\n<p>Le classement des \u00e9quipes pour la finale se fait selon l\u2019ordre suivant :<\/p>\n<p>1) Nombre de points de matchs remport\u00e9s<br \/>\n2) Confrontation directe<br \/>\n3) Goal average avec fautes (score marqu\u00e9 par l\u2019\u00e9quipe)<br \/>\n4) Goal average sans faute (nombre d\u2019improvisations gagn\u00e9es)<br \/>\n5) Fautes average (s\u00e9lection de l\u2019\u00e9quipe ayant commis le moins de faute)<br \/>\n6) Tirage au sort devant commission artistique<\/p>\n<p>En cas d\u2019\u00e9galit\u00e9 entre les \u00e9quipes, les crit\u00e8res sont examin\u00e9s en cascade pour l\u2019ensemble des \u00e9quipes et non en reagard d\u2019une seule confrontation.<\/p>\n","protected":false},"excerpt":{"rendered":"<p>Afin de garantir des spectacles de haute qualit\u00e9 et offrir une certaine vari\u00e9t\u00e9 de jeu, les com\u00e9diens doivent se soumettre \u00e0 diverses contraintes impos\u00e9es par le Maitre de Jeu : temps, nombre de joueurs, styles etc.\u00a0Le Maitre de Jeu peut siffler des p\u00e9nalit\u00e9s afin de recadrer des joueurs ou une \u00e9quipe. Une accumulation de trois [&hellip;]<\/p>\n","protected":false},"author":2,"featured_media":0,"parent":0,"menu_order":0,"comment_status":"closed","ping_status":"closed","template":"","meta":[],"_links":{"self":[{"href":"https:\/\/www.impro-geneve.ch\/mondial\/wp-json\/wp\/v2\/pages\/739"}],"collection":[{"href":"https:\/\/www.impro-geneve.ch\/mondial\/wp-json\/wp\/v2\/pages"}],"about":[{"href":"https:\/\/www.impro-geneve.ch\/mondial\/wp-json\/wp\/v2\/types\/page"}],"author":[{"embeddable":true,"href":"https:\/\/www.impro-geneve.ch\/mondial\/wp-json\/wp\/v2\/users\/2"}],"replies":[{"embeddable":true,"href":"https:\/\/www.impro-geneve.ch\/mondial\/wp-json\/wp\/v2\/comments?post=739"}],"version-history":[{"count":6,"href":"https:\/\/www.impro-geneve.ch\/mondial\/wp-json\/wp\/v2\/pages\/739\/revisions"}],"predecessor-version":[{"id":1283,"href":"https:\/\/www.impro-geneve.ch\/mondial\/wp-json\/wp\/v2\/pages\/739\/revisions\/1283"}],"wp:attachment":[{"href":"https:\/\/www.impro-geneve.ch\/mondial\/wp-json\/wp\/v2\/media?parent=739"}],"curies":[{"name":"wp","href":"https:\/\/api.w.org\/{rel}","templated":true}]}}