{"id":744,"date":"2018-05-15T09:40:29","date_gmt":"2018-05-15T08:40:29","guid":{"rendered":"http:\/\/www.impro-geneve.ch\/mondial\/?page_id=744"},"modified":"2022-10-10T10:15:15","modified_gmt":"2022-10-10T09:15:15","slug":"infos","status":"publish","type":"page","link":"https:\/\/www.impro-geneve.ch\/mondial\/infos\/","title":{"rendered":"INFOS &#038; BILLETTERIE"},"content":{"rendered":"<h2>Tarifs<\/h2>\n<p><strong>Prix Normal :<\/strong>\u00a020 CHF Qualifications \/ 25 CHF Finale<br \/>\n<strong>Prix AI, AVS, Ch\u00f4mage :<\/strong>\u00a015 CHF Qualifications \/ 20 CHF Finale<\/p>\n<p><strong>Prix Jeune (-20 ans \/\u00a0\u00c9tudiant\u2022e\u2022s\u2022x \/ 20 ans 20 francs) :<\/strong>\u00a010 CHF Qualifications \/ 15 CHF Finale<\/p>\n<p>Billets subventionn\u00e9s par la R\u00e9publique et canton de Gen\u00e8ve.<\/p>\n<p>En partenariat avec 20 ans 20 francs.<\/p>\n<p><a href=\"https:\/\/etickets.infomaniak.com\/shop\/9kp6tj2PrW\/events\/612648\/\"><img loading=\"lazy\" class=\"alignnone wp-image-1413\" src=\"http:\/\/www.impro-geneve.ch\/mondial\/wp-content\/uploads\/2022\/10\/20ans_20francs_logo_vert_rvb-300x211.jpg\" alt=\"\" width=\"83\" height=\"58\" srcset=\"https:\/\/www.impro-geneve.ch\/mondial\/wp-content\/uploads\/2022\/10\/20ans_20francs_logo_vert_rvb-300x211.jpg 300w, https:\/\/www.impro-geneve.ch\/mondial\/wp-content\/uploads\/2022\/10\/20ans_20francs_logo_vert_rvb.jpg 538w\" sizes=\"(max-width: 83px) 100vw, 83px\" \/><\/a><\/p>\n<h2>Billetterie :\u00a0<strong><a href=\"https:\/\/etickets.infomaniak.com\/shop\/9kp6tj2PrW\/\" target=\"_blank\" rel=\"noopener\">LIEN VERS LA BILLETTERIE \ud83d\udd25<\/a><\/strong><\/h2>\n<p>La billetterie du Mondial est ouverte tous les soirs de spectacle d\u00e8s 19h30 au Th\u00e9\u00e2tre de la Madeleine, <strong>sous limite des places disponibles.<\/strong><\/p>\n<h2>Lieux<\/h2>\n<p style=\"text-align: left;\"><strong><span style=\"color: #800000;\"><a href=\"http:\/\/www.sallecentrale.ch\/\"><span style=\"color: #800000;\">Th\u00e9\u00e2tre de la Madeleine<\/span><\/a><\/span><br \/>\n<\/strong>Rue de la Madeleine 10, 1204 Gen\u00e8ve<\/p>\n<p style=\"text-align: left;\"><a href=\"https:\/\/www.bfm.ch\/\"><span style=\"color: #800000;\"><strong>B\u00e2timents des Forces Motrices<br \/>\n<\/strong><\/span><\/a>Place des Volontaires 2, 1204 Gen\u00e8ve<\/p>\n<h2><a href=\"http:\/\/www.impro-geneve.ch\/mondial\/wp-content\/uploads\/2018\/05\/29357025_1572738626181629_6671506815525584896_o-1.jpg\"><img loading=\"lazy\" class=\"aligncenter wp-image-831 size-large\" src=\"http:\/\/www.impro-geneve.ch\/mondial\/wp-content\/uploads\/2018\/05\/29357025_1572738626181629_6671506815525584896_o-1-1024x576.jpg\" alt=\"29357025_1572738626181629_6671506815525584896_o (1)\" width=\"625\" height=\"351\" srcset=\"https:\/\/www.impro-geneve.ch\/mondial\/wp-content\/uploads\/2018\/05\/29357025_1572738626181629_6671506815525584896_o-1-1024x576.jpg 1024w, https:\/\/www.impro-geneve.ch\/mondial\/wp-content\/uploads\/2018\/05\/29357025_1572738626181629_6671506815525584896_o-1-300x168.jpg 300w, https:\/\/www.impro-geneve.ch\/mondial\/wp-content\/uploads\/2018\/05\/29357025_1572738626181629_6671506815525584896_o-1-624x351.jpg 624w, https:\/\/www.impro-geneve.ch\/mondial\/wp-content\/uploads\/2018\/05\/29357025_1572738626181629_6671506815525584896_o-1.jpg 2048w\" sizes=\"(max-width: 625px) 100vw, 625px\" \/><\/a><\/h2>\n<h2>Contacts<\/h2>\n<p><strong>Comit\u00e9 d\u2019organisation du Mondial<br \/>\n<\/strong><a href=\"mailto:comite.mondial@impro-geneve.ch\">comite.mondial@impro-geneve.ch<\/a><\/p>\n","protected":false},"excerpt":{"rendered":"<p>Tarifs Prix Normal :\u00a020 CHF Qualifications \/ 25 CHF Finale Prix AI, AVS, Ch\u00f4mage :\u00a015 CHF Qualifications \/ 20 CHF Finale Prix Jeune (-20 ans \/\u00a0\u00c9tudiant\u2022e\u2022s\u2022x \/ 20 ans 20 francs) :\u00a010 CHF Qualifications \/ 15 CHF Finale Billets subventionn\u00e9s par la R\u00e9publique et canton de Gen\u00e8ve. En partenariat avec 20 ans 20 francs. Billetterie [&hellip;]<\/p>\n","protected":false},"author":2,"featured_media":0,"parent":0,"menu_order":0,"comment_status":"closed","ping_status":"closed","template":"","meta":[],"_links":{"self":[{"href":"https:\/\/www.impro-geneve.ch\/mondial\/wp-json\/wp\/v2\/pages\/744"}],"collection":[{"href":"https:\/\/www.impro-geneve.ch\/mondial\/wp-json\/wp\/v2\/pages"}],"about":[{"href":"https:\/\/www.impro-geneve.ch\/mondial\/wp-json\/wp\/v2\/types\/page"}],"author":[{"embeddable":true,"href":"https:\/\/www.impro-geneve.ch\/mondial\/wp-json\/wp\/v2\/users\/2"}],"replies":[{"embeddable":true,"href":"https:\/\/www.impro-geneve.ch\/mondial\/wp-json\/wp\/v2\/comments?post=744"}],"version-history":[{"count":23,"href":"https:\/\/www.impro-geneve.ch\/mondial\/wp-json\/wp\/v2\/pages\/744\/revisions"}],"predecessor-version":[{"id":1414,"href":"https:\/\/www.impro-geneve.ch\/mondial\/wp-json\/wp\/v2\/pages\/744\/revisions\/1414"}],"wp:attachment":[{"href":"https:\/\/www.impro-geneve.ch\/mondial\/wp-json\/wp\/v2\/media?parent=744"}],"curies":[{"name":"wp","href":"https:\/\/api.w.org\/{rel}","templated":true}]}}