{"id":786,"date":"2018-05-15T10:11:18","date_gmt":"2018-05-15T09:11:18","guid":{"rendered":"http:\/\/www.impro-geneve.ch\/mondial\/?page_id=786"},"modified":"2022-07-21T15:39:13","modified_gmt":"2022-07-21T14:39:13","slug":"presse","status":"publish","type":"page","link":"https:\/\/www.impro-geneve.ch\/mondial\/presse\/","title":{"rendered":"Presse"},"content":{"rendered":"<p><strong>Contact presse\u00a0:<br \/>\n<\/strong><span style=\"font-size: revert;\">comite.mondial@impro-geneve.ch<\/span><\/p>\n<p><strong>T\u00e9l\u00e9chargements<\/strong>:<\/p>\n<ul>\n<li><a href=\"http:\/\/www.impro-geneve.ch\/mondial\/wp-content\/uploads\/2022\/07\/Dossier-Mondial-2022.pdf\">Dossier de presse<\/a><\/li>\n<li><a title=\"Photos\" href=\"http:\/\/www.impro-geneve.ch\/mondial\/galerie\/\">Photos<\/a><\/li>\n<li><a href=\"http:\/\/www.impro-geneve.ch\/mondial\/wp-content\/uploads\/2022\/07\/Flyer-Mondial-22-Recto.jpg\">Affiche<\/a><\/li>\n<\/ul>\n<p><strong>Demande d&rsquo;accr\u00e9ditation<\/strong>: Vous pouvez transmettre une demande d&rsquo;accr\u00e9ditation \u00e0 l&rsquo;adresse, <em><span style=\"font-size: revert;\">comite.mondial@impro-geneve.ch<\/span><\/em>. Pr\u00e9cisez vos coordonn\u00e9es, le m\u00e9dia pour lequel vous travaillez, et les soirs de spectacles auxquels vous souhaitez assister.<\/p>\n","protected":false},"excerpt":{"rendered":"<p>Contact presse\u00a0: comite.mondial@impro-geneve.ch T\u00e9l\u00e9chargements: Dossier de presse Photos Affiche Demande d&rsquo;accr\u00e9ditation: Vous pouvez transmettre une demande d&rsquo;accr\u00e9ditation \u00e0 l&rsquo;adresse, comite.mondial@impro-geneve.ch. Pr\u00e9cisez vos coordonn\u00e9es, le m\u00e9dia pour lequel vous travaillez, et les soirs de spectacles auxquels vous souhaitez assister.<\/p>\n","protected":false},"author":2,"featured_media":0,"parent":0,"menu_order":0,"comment_status":"closed","ping_status":"closed","template":"","meta":[],"_links":{"self":[{"href":"https:\/\/www.impro-geneve.ch\/mondial\/wp-json\/wp\/v2\/pages\/786"}],"collection":[{"href":"https:\/\/www.impro-geneve.ch\/mondial\/wp-json\/wp\/v2\/pages"}],"about":[{"href":"https:\/\/www.impro-geneve.ch\/mondial\/wp-json\/wp\/v2\/types\/page"}],"author":[{"embeddable":true,"href":"https:\/\/www.impro-geneve.ch\/mondial\/wp-json\/wp\/v2\/users\/2"}],"replies":[{"embeddable":true,"href":"https:\/\/www.impro-geneve.ch\/mondial\/wp-json\/wp\/v2\/comments?post=786"}],"version-history":[{"count":5,"href":"https:\/\/www.impro-geneve.ch\/mondial\/wp-json\/wp\/v2\/pages\/786\/revisions"}],"predecessor-version":[{"id":1318,"href":"https:\/\/www.impro-geneve.ch\/mondial\/wp-json\/wp\/v2\/pages\/786\/revisions\/1318"}],"wp:attachment":[{"href":"https:\/\/www.impro-geneve.ch\/mondial\/wp-json\/wp\/v2\/media?parent=786"}],"curies":[{"name":"wp","href":"https:\/\/api.w.org\/{rel}","templated":true}]}}