{"id":797,"date":"2018-05-20T13:28:48","date_gmt":"2018-05-20T12:28:48","guid":{"rendered":"http:\/\/www.impro-geneve.ch\/mondial\/?page_id=797"},"modified":"2022-09-26T14:00:04","modified_gmt":"2022-09-26T13:00:04","slug":"le-quebec","status":"publish","type":"page","link":"https:\/\/www.impro-geneve.ch\/mondial\/le-quebec\/","title":{"rendered":"LE QU\u00c9BEC"},"content":{"rendered":"<p><strong>L&rsquo;\u00e9quipe du Qu\u00e9bec avec des com\u00e9diens s\u00e9lectionn\u00e9s au sein de la CIA de Montr\u00e9al. Sacr\u00e9e championne du monde \u00e0 douze reprises.<\/strong><\/p>\n<p><a href=\"http:\/\/www.impro-geneve.ch\/mondial\/wp-content\/uploads\/2022\/07\/profil-5-mondial.png\"><img loading=\"lazy\" class=\"alignnone size-medium wp-image-1291\" src=\"http:\/\/www.impro-geneve.ch\/mondial\/wp-content\/uploads\/2022\/07\/profil-5-mondial-300x300.png\" alt=\"\" width=\"300\" height=\"300\" srcset=\"https:\/\/www.impro-geneve.ch\/mondial\/wp-content\/uploads\/2022\/07\/profil-5-mondial-300x300.png 300w, https:\/\/www.impro-geneve.ch\/mondial\/wp-content\/uploads\/2022\/07\/profil-5-mondial-1024x1024.png 1024w, https:\/\/www.impro-geneve.ch\/mondial\/wp-content\/uploads\/2022\/07\/profil-5-mondial-150x150.png 150w, https:\/\/www.impro-geneve.ch\/mondial\/wp-content\/uploads\/2022\/07\/profil-5-mondial-768x768.png 768w, https:\/\/www.impro-geneve.ch\/mondial\/wp-content\/uploads\/2022\/07\/profil-5-mondial-109x109.png 109w, https:\/\/www.impro-geneve.ch\/mondial\/wp-content\/uploads\/2022\/07\/profil-5-mondial-100x100.png 100w, https:\/\/www.impro-geneve.ch\/mondial\/wp-content\/uploads\/2022\/07\/profil-5-mondial-1536x1536.png 1536w, https:\/\/www.impro-geneve.ch\/mondial\/wp-content\/uploads\/2022\/07\/profil-5-mondial-624x624.png 624w, https:\/\/www.impro-geneve.ch\/mondial\/wp-content\/uploads\/2022\/07\/profil-5-mondial.png 1920w\" sizes=\"(max-width: 300px) 100vw, 300px\" \/><\/a> <a href=\"http:\/\/www.impro-geneve.ch\/mondial\/wp-content\/uploads\/2022\/09\/Quebec-Equipe.jpg\"><img loading=\"lazy\" class=\"alignnone size-medium wp-image-1348\" src=\"http:\/\/www.impro-geneve.ch\/mondial\/wp-content\/uploads\/2022\/09\/Quebec-Equipe-300x300.jpg\" alt=\"\" width=\"300\" height=\"300\" srcset=\"https:\/\/www.impro-geneve.ch\/mondial\/wp-content\/uploads\/2022\/09\/Quebec-Equipe-300x300.jpg 300w, https:\/\/www.impro-geneve.ch\/mondial\/wp-content\/uploads\/2022\/09\/Quebec-Equipe-1024x1024.jpg 1024w, https:\/\/www.impro-geneve.ch\/mondial\/wp-content\/uploads\/2022\/09\/Quebec-Equipe-150x150.jpg 150w, https:\/\/www.impro-geneve.ch\/mondial\/wp-content\/uploads\/2022\/09\/Quebec-Equipe-768x768.jpg 768w, https:\/\/www.impro-geneve.ch\/mondial\/wp-content\/uploads\/2022\/09\/Quebec-Equipe-109x109.jpg 109w, https:\/\/www.impro-geneve.ch\/mondial\/wp-content\/uploads\/2022\/09\/Quebec-Equipe-100x100.jpg 100w, https:\/\/www.impro-geneve.ch\/mondial\/wp-content\/uploads\/2022\/09\/Quebec-Equipe-1536x1536.jpg 1536w, https:\/\/www.impro-geneve.ch\/mondial\/wp-content\/uploads\/2022\/09\/Quebec-Equipe-624x624.jpg 624w, https:\/\/www.impro-geneve.ch\/mondial\/wp-content\/uploads\/2022\/09\/Quebec-Equipe.jpg 1675w\" sizes=\"(max-width: 300px) 100vw, 300px\" \/><\/a><\/p>\n<p><a href=\"http:\/\/www.impro-geneve.ch\/mondial\/wp-content\/uploads\/2022\/09\/Quebec-David-Beauchemin.jpg\"><img loading=\"lazy\" class=\"alignnone size-medium wp-image-1350\" src=\"http:\/\/www.impro-geneve.ch\/mondial\/wp-content\/uploads\/2022\/09\/Quebec-David-Beauchemin-300x300.jpg\" alt=\"\" width=\"300\" height=\"300\" srcset=\"https:\/\/www.impro-geneve.ch\/mondial\/wp-content\/uploads\/2022\/09\/Quebec-David-Beauchemin-300x300.jpg 300w, https:\/\/www.impro-geneve.ch\/mondial\/wp-content\/uploads\/2022\/09\/Quebec-David-Beauchemin-1024x1024.jpg 1024w, https:\/\/www.impro-geneve.ch\/mondial\/wp-content\/uploads\/2022\/09\/Quebec-David-Beauchemin-150x150.jpg 150w, https:\/\/www.impro-geneve.ch\/mondial\/wp-content\/uploads\/2022\/09\/Quebec-David-Beauchemin-768x768.jpg 768w, https:\/\/www.impro-geneve.ch\/mondial\/wp-content\/uploads\/2022\/09\/Quebec-David-Beauchemin-109x109.jpg 109w, https:\/\/www.impro-geneve.ch\/mondial\/wp-content\/uploads\/2022\/09\/Quebec-David-Beauchemin-100x100.jpg 100w, https:\/\/www.impro-geneve.ch\/mondial\/wp-content\/uploads\/2022\/09\/Quebec-David-Beauchemin-624x624.jpg 624w, https:\/\/www.impro-geneve.ch\/mondial\/wp-content\/uploads\/2022\/09\/Quebec-David-Beauchemin.jpg 1080w\" sizes=\"(max-width: 300px) 100vw, 300px\" \/><\/a> <a href=\"http:\/\/www.impro-geneve.ch\/mondial\/wp-content\/uploads\/2022\/09\/Quebec-Laurence-Laprise.jpg\"><img loading=\"lazy\" class=\"alignnone size-medium wp-image-1352\" src=\"http:\/\/www.impro-geneve.ch\/mondial\/wp-content\/uploads\/2022\/09\/Quebec-Laurence-Laprise-300x300.jpg\" alt=\"\" width=\"300\" height=\"300\" srcset=\"https:\/\/www.impro-geneve.ch\/mondial\/wp-content\/uploads\/2022\/09\/Quebec-Laurence-Laprise-300x300.jpg 300w, https:\/\/www.impro-geneve.ch\/mondial\/wp-content\/uploads\/2022\/09\/Quebec-Laurence-Laprise-1024x1024.jpg 1024w, https:\/\/www.impro-geneve.ch\/mondial\/wp-content\/uploads\/2022\/09\/Quebec-Laurence-Laprise-150x150.jpg 150w, https:\/\/www.impro-geneve.ch\/mondial\/wp-content\/uploads\/2022\/09\/Quebec-Laurence-Laprise-768x768.jpg 768w, https:\/\/www.impro-geneve.ch\/mondial\/wp-content\/uploads\/2022\/09\/Quebec-Laurence-Laprise-109x109.jpg 109w, https:\/\/www.impro-geneve.ch\/mondial\/wp-content\/uploads\/2022\/09\/Quebec-Laurence-Laprise-100x100.jpg 100w, https:\/\/www.impro-geneve.ch\/mondial\/wp-content\/uploads\/2022\/09\/Quebec-Laurence-Laprise-624x624.jpg 624w, https:\/\/www.impro-geneve.ch\/mondial\/wp-content\/uploads\/2022\/09\/Quebec-Laurence-Laprise.jpg 1080w\" sizes=\"(max-width: 300px) 100vw, 300px\" \/><\/a><\/p>\n<p><a href=\"http:\/\/www.impro-geneve.ch\/mondial\/wp-content\/uploads\/2022\/09\/Quebec-Simon-Prevost.jpg\"><img loading=\"lazy\" class=\"alignnone size-medium wp-image-1353\" src=\"http:\/\/www.impro-geneve.ch\/mondial\/wp-content\/uploads\/2022\/09\/Quebec-Simon-Prevost-300x300.jpg\" alt=\"\" width=\"300\" height=\"300\" srcset=\"https:\/\/www.impro-geneve.ch\/mondial\/wp-content\/uploads\/2022\/09\/Quebec-Simon-Prevost-300x300.jpg 300w, https:\/\/www.impro-geneve.ch\/mondial\/wp-content\/uploads\/2022\/09\/Quebec-Simon-Prevost-1024x1024.jpg 1024w, https:\/\/www.impro-geneve.ch\/mondial\/wp-content\/uploads\/2022\/09\/Quebec-Simon-Prevost-150x150.jpg 150w, https:\/\/www.impro-geneve.ch\/mondial\/wp-content\/uploads\/2022\/09\/Quebec-Simon-Prevost-768x768.jpg 768w, https:\/\/www.impro-geneve.ch\/mondial\/wp-content\/uploads\/2022\/09\/Quebec-Simon-Prevost-109x109.jpg 109w, https:\/\/www.impro-geneve.ch\/mondial\/wp-content\/uploads\/2022\/09\/Quebec-Simon-Prevost-100x100.jpg 100w, https:\/\/www.impro-geneve.ch\/mondial\/wp-content\/uploads\/2022\/09\/Quebec-Simon-Prevost-624x624.jpg 624w, https:\/\/www.impro-geneve.ch\/mondial\/wp-content\/uploads\/2022\/09\/Quebec-Simon-Prevost.jpg 1080w\" sizes=\"(max-width: 300px) 100vw, 300px\" \/><\/a> <a href=\"http:\/\/www.impro-geneve.ch\/mondial\/wp-content\/uploads\/2022\/09\/Quebec-Arianne-Demers.jpg\"><img loading=\"lazy\" class=\"alignnone size-medium wp-image-1349\" src=\"http:\/\/www.impro-geneve.ch\/mondial\/wp-content\/uploads\/2022\/09\/Quebec-Arianne-Demers-300x300.jpg\" alt=\"\" width=\"300\" height=\"300\" srcset=\"https:\/\/www.impro-geneve.ch\/mondial\/wp-content\/uploads\/2022\/09\/Quebec-Arianne-Demers-300x300.jpg 300w, https:\/\/www.impro-geneve.ch\/mondial\/wp-content\/uploads\/2022\/09\/Quebec-Arianne-Demers-1024x1024.jpg 1024w, https:\/\/www.impro-geneve.ch\/mondial\/wp-content\/uploads\/2022\/09\/Quebec-Arianne-Demers-150x150.jpg 150w, https:\/\/www.impro-geneve.ch\/mondial\/wp-content\/uploads\/2022\/09\/Quebec-Arianne-Demers-768x768.jpg 768w, https:\/\/www.impro-geneve.ch\/mondial\/wp-content\/uploads\/2022\/09\/Quebec-Arianne-Demers-109x109.jpg 109w, https:\/\/www.impro-geneve.ch\/mondial\/wp-content\/uploads\/2022\/09\/Quebec-Arianne-Demers-100x100.jpg 100w, https:\/\/www.impro-geneve.ch\/mondial\/wp-content\/uploads\/2022\/09\/Quebec-Arianne-Demers-624x624.jpg 624w, https:\/\/www.impro-geneve.ch\/mondial\/wp-content\/uploads\/2022\/09\/Quebec-Arianne-Demers.jpg 1080w\" sizes=\"(max-width: 300px) 100vw, 300px\" \/><\/a><\/p>\n<p><a href=\"http:\/\/www.impro-geneve.ch\/mondial\/wp-content\/uploads\/2022\/09\/Quebec-Jean-Simon-Tessier.jpg\"><img loading=\"lazy\" class=\"alignnone size-medium wp-image-1351\" src=\"http:\/\/www.impro-geneve.ch\/mondial\/wp-content\/uploads\/2022\/09\/Quebec-Jean-Simon-Tessier-300x300.jpg\" alt=\"\" width=\"300\" height=\"300\" srcset=\"https:\/\/www.impro-geneve.ch\/mondial\/wp-content\/uploads\/2022\/09\/Quebec-Jean-Simon-Tessier-300x300.jpg 300w, https:\/\/www.impro-geneve.ch\/mondial\/wp-content\/uploads\/2022\/09\/Quebec-Jean-Simon-Tessier-1024x1024.jpg 1024w, https:\/\/www.impro-geneve.ch\/mondial\/wp-content\/uploads\/2022\/09\/Quebec-Jean-Simon-Tessier-150x150.jpg 150w, https:\/\/www.impro-geneve.ch\/mondial\/wp-content\/uploads\/2022\/09\/Quebec-Jean-Simon-Tessier-768x768.jpg 768w, https:\/\/www.impro-geneve.ch\/mondial\/wp-content\/uploads\/2022\/09\/Quebec-Jean-Simon-Tessier-109x109.jpg 109w, https:\/\/www.impro-geneve.ch\/mondial\/wp-content\/uploads\/2022\/09\/Quebec-Jean-Simon-Tessier-100x100.jpg 100w, https:\/\/www.impro-geneve.ch\/mondial\/wp-content\/uploads\/2022\/09\/Quebec-Jean-Simon-Tessier-624x624.jpg 624w, https:\/\/www.impro-geneve.ch\/mondial\/wp-content\/uploads\/2022\/09\/Quebec-Jean-Simon-Tessier.jpg 1080w\" sizes=\"(max-width: 300px) 100vw, 300px\" \/><\/a><\/p>\n<p>Dans l&rsquo;ordre : David BEAUCHEMIN, Laurence LAPRISE, Simon PREVOST, Arianne DEMERS, Jean-Simon TESSIER<\/p>\n","protected":false},"excerpt":{"rendered":"<p>L&rsquo;\u00e9quipe du Qu\u00e9bec avec des com\u00e9diens s\u00e9lectionn\u00e9s au sein de la CIA de Montr\u00e9al. Sacr\u00e9e championne du monde \u00e0 douze reprises. Dans l&rsquo;ordre : David BEAUCHEMIN, Laurence LAPRISE, Simon PREVOST, Arianne DEMERS, Jean-Simon TESSIER<\/p>\n","protected":false},"author":2,"featured_media":0,"parent":0,"menu_order":0,"comment_status":"closed","ping_status":"closed","template":"","meta":[],"_links":{"self":[{"href":"https:\/\/www.impro-geneve.ch\/mondial\/wp-json\/wp\/v2\/pages\/797"}],"collection":[{"href":"https:\/\/www.impro-geneve.ch\/mondial\/wp-json\/wp\/v2\/pages"}],"about":[{"href":"https:\/\/www.impro-geneve.ch\/mondial\/wp-json\/wp\/v2\/types\/page"}],"author":[{"embeddable":true,"href":"https:\/\/www.impro-geneve.ch\/mondial\/wp-json\/wp\/v2\/users\/2"}],"replies":[{"embeddable":true,"href":"https:\/\/www.impro-geneve.ch\/mondial\/wp-json\/wp\/v2\/comments?post=797"}],"version-history":[{"count":8,"href":"https:\/\/www.impro-geneve.ch\/mondial\/wp-json\/wp\/v2\/pages\/797\/revisions"}],"predecessor-version":[{"id":1356,"href":"https:\/\/www.impro-geneve.ch\/mondial\/wp-json\/wp\/v2\/pages\/797\/revisions\/1356"}],"wp:attachment":[{"href":"https:\/\/www.impro-geneve.ch\/mondial\/wp-json\/wp\/v2\/media?parent=797"}],"curies":[{"name":"wp","href":"https:\/\/api.w.org\/{rel}","templated":true}]}}