{"id":808,"date":"2018-05-20T13:32:08","date_gmt":"2018-05-20T12:32:08","guid":{"rendered":"http:\/\/www.impro-geneve.ch\/mondial\/?page_id=808"},"modified":"2022-09-26T12:56:44","modified_gmt":"2022-09-26T11:56:44","slug":"la-belgique","status":"publish","type":"page","link":"https:\/\/www.impro-geneve.ch\/mondial\/la-belgique\/","title":{"rendered":"LA BELGIQUE"},"content":{"rendered":"<p><strong>L&rsquo;\u00e9quipe de Belgique, avec des com\u00e9diens s\u00e9lectionn\u00e9s au sein de la F\u00e9d\u00e9ration belge d&rsquo;improvisation amateur (FBIA).\u00a0<\/strong><\/p>\n<p><a href=\"http:\/\/www.impro-geneve.ch\/mondial\/wp-content\/uploads\/2022\/07\/profil-4-mondial.png\"><img loading=\"lazy\" class=\"alignnone size-medium wp-image-1289\" src=\"http:\/\/www.impro-geneve.ch\/mondial\/wp-content\/uploads\/2022\/07\/profil-4-mondial-300x300.png\" alt=\"\" width=\"300\" height=\"300\" srcset=\"https:\/\/www.impro-geneve.ch\/mondial\/wp-content\/uploads\/2022\/07\/profil-4-mondial-300x300.png 300w, https:\/\/www.impro-geneve.ch\/mondial\/wp-content\/uploads\/2022\/07\/profil-4-mondial-1024x1024.png 1024w, https:\/\/www.impro-geneve.ch\/mondial\/wp-content\/uploads\/2022\/07\/profil-4-mondial-150x150.png 150w, https:\/\/www.impro-geneve.ch\/mondial\/wp-content\/uploads\/2022\/07\/profil-4-mondial-768x768.png 768w, https:\/\/www.impro-geneve.ch\/mondial\/wp-content\/uploads\/2022\/07\/profil-4-mondial-109x109.png 109w, https:\/\/www.impro-geneve.ch\/mondial\/wp-content\/uploads\/2022\/07\/profil-4-mondial-100x100.png 100w, https:\/\/www.impro-geneve.ch\/mondial\/wp-content\/uploads\/2022\/07\/profil-4-mondial-1536x1536.png 1536w, https:\/\/www.impro-geneve.ch\/mondial\/wp-content\/uploads\/2022\/07\/profil-4-mondial-624x624.png 624w, https:\/\/www.impro-geneve.ch\/mondial\/wp-content\/uploads\/2022\/07\/profil-4-mondial.png 1920w\" sizes=\"(max-width: 300px) 100vw, 300px\" \/><\/a> \u00a0<a href=\"http:\/\/www.impro-geneve.ch\/mondial\/wp-content\/uploads\/2022\/09\/EquipeNationale-Belgique-03-carre-scaled.jpg\"><img loading=\"lazy\" class=\"alignnone size-medium wp-image-1328\" src=\"http:\/\/www.impro-geneve.ch\/mondial\/wp-content\/uploads\/2022\/09\/EquipeNationale-Belgique-03-carre-300x300.jpg\" alt=\"\" width=\"300\" height=\"300\" srcset=\"https:\/\/www.impro-geneve.ch\/mondial\/wp-content\/uploads\/2022\/09\/EquipeNationale-Belgique-03-carre-300x300.jpg 300w, https:\/\/www.impro-geneve.ch\/mondial\/wp-content\/uploads\/2022\/09\/EquipeNationale-Belgique-03-carre-1024x1024.jpg 1024w, https:\/\/www.impro-geneve.ch\/mondial\/wp-content\/uploads\/2022\/09\/EquipeNationale-Belgique-03-carre-150x150.jpg 150w, https:\/\/www.impro-geneve.ch\/mondial\/wp-content\/uploads\/2022\/09\/EquipeNationale-Belgique-03-carre-768x768.jpg 768w, https:\/\/www.impro-geneve.ch\/mondial\/wp-content\/uploads\/2022\/09\/EquipeNationale-Belgique-03-carre-109x109.jpg 109w, https:\/\/www.impro-geneve.ch\/mondial\/wp-content\/uploads\/2022\/09\/EquipeNationale-Belgique-03-carre-100x100.jpg 100w, https:\/\/www.impro-geneve.ch\/mondial\/wp-content\/uploads\/2022\/09\/EquipeNationale-Belgique-03-carre-1536x1536.jpg 1536w, https:\/\/www.impro-geneve.ch\/mondial\/wp-content\/uploads\/2022\/09\/EquipeNationale-Belgique-03-carre-2048x2048.jpg 2048w, https:\/\/www.impro-geneve.ch\/mondial\/wp-content\/uploads\/2022\/09\/EquipeNationale-Belgique-03-carre-624x624.jpg 624w\" sizes=\"(max-width: 300px) 100vw, 300px\" \/><\/a><\/p>\n<p><a href=\"http:\/\/www.impro-geneve.ch\/mondial\/wp-content\/uploads\/2022\/09\/EquipeNationale-Belgique-73-Zelda-PHILIPPE-scaled.jpg\"><img loading=\"lazy\" class=\"alignnone size-medium wp-image-1333\" src=\"http:\/\/www.impro-geneve.ch\/mondial\/wp-content\/uploads\/2022\/09\/EquipeNationale-Belgique-73-Zelda-PHILIPPE-200x300.jpg\" alt=\"\" width=\"200\" height=\"300\" srcset=\"https:\/\/www.impro-geneve.ch\/mondial\/wp-content\/uploads\/2022\/09\/EquipeNationale-Belgique-73-Zelda-PHILIPPE-200x300.jpg 200w, https:\/\/www.impro-geneve.ch\/mondial\/wp-content\/uploads\/2022\/09\/EquipeNationale-Belgique-73-Zelda-PHILIPPE-683x1024.jpg 683w, https:\/\/www.impro-geneve.ch\/mondial\/wp-content\/uploads\/2022\/09\/EquipeNationale-Belgique-73-Zelda-PHILIPPE-768x1152.jpg 768w, https:\/\/www.impro-geneve.ch\/mondial\/wp-content\/uploads\/2022\/09\/EquipeNationale-Belgique-73-Zelda-PHILIPPE-1024x1536.jpg 1024w, https:\/\/www.impro-geneve.ch\/mondial\/wp-content\/uploads\/2022\/09\/EquipeNationale-Belgique-73-Zelda-PHILIPPE-1365x2048.jpg 1365w, https:\/\/www.impro-geneve.ch\/mondial\/wp-content\/uploads\/2022\/09\/EquipeNationale-Belgique-73-Zelda-PHILIPPE-624x936.jpg 624w, https:\/\/www.impro-geneve.ch\/mondial\/wp-content\/uploads\/2022\/09\/EquipeNationale-Belgique-73-Zelda-PHILIPPE-scaled.jpg 1707w\" sizes=\"(max-width: 200px) 100vw, 200px\" \/><\/a> <a href=\"http:\/\/www.impro-geneve.ch\/mondial\/wp-content\/uploads\/2022\/09\/EquipeNationale-Belgique-74-Benjamin-HUBERLANT-scaled.jpg\"><img loading=\"lazy\" class=\"alignnone size-medium wp-image-1335\" src=\"http:\/\/www.impro-geneve.ch\/mondial\/wp-content\/uploads\/2022\/09\/EquipeNationale-Belgique-74-Benjamin-HUBERLANT-198x300.jpg\" alt=\"\" width=\"198\" height=\"300\" srcset=\"https:\/\/www.impro-geneve.ch\/mondial\/wp-content\/uploads\/2022\/09\/EquipeNationale-Belgique-74-Benjamin-HUBERLANT-198x300.jpg 198w, https:\/\/www.impro-geneve.ch\/mondial\/wp-content\/uploads\/2022\/09\/EquipeNationale-Belgique-74-Benjamin-HUBERLANT-677x1024.jpg 677w, https:\/\/www.impro-geneve.ch\/mondial\/wp-content\/uploads\/2022\/09\/EquipeNationale-Belgique-74-Benjamin-HUBERLANT-768x1162.jpg 768w, https:\/\/www.impro-geneve.ch\/mondial\/wp-content\/uploads\/2022\/09\/EquipeNationale-Belgique-74-Benjamin-HUBERLANT-1015x1536.jpg 1015w, https:\/\/www.impro-geneve.ch\/mondial\/wp-content\/uploads\/2022\/09\/EquipeNationale-Belgique-74-Benjamin-HUBERLANT-1354x2048.jpg 1354w, https:\/\/www.impro-geneve.ch\/mondial\/wp-content\/uploads\/2022\/09\/EquipeNationale-Belgique-74-Benjamin-HUBERLANT-624x944.jpg 624w, https:\/\/www.impro-geneve.ch\/mondial\/wp-content\/uploads\/2022\/09\/EquipeNationale-Belgique-74-Benjamin-HUBERLANT-scaled.jpg 1692w\" sizes=\"(max-width: 198px) 100vw, 198px\" \/><\/a><a href=\"http:\/\/www.impro-geneve.ch\/mondial\/wp-content\/uploads\/2022\/09\/EquipeNationale-Belgique-70-Line-DESTRAIT-scaled.jpg\"> <img loading=\"lazy\" class=\"alignnone size-medium wp-image-1330\" src=\"http:\/\/www.impro-geneve.ch\/mondial\/wp-content\/uploads\/2022\/09\/EquipeNationale-Belgique-70-Line-DESTRAIT-200x300.jpg\" alt=\"\" width=\"200\" height=\"300\" srcset=\"https:\/\/www.impro-geneve.ch\/mondial\/wp-content\/uploads\/2022\/09\/EquipeNationale-Belgique-70-Line-DESTRAIT-200x300.jpg 200w, https:\/\/www.impro-geneve.ch\/mondial\/wp-content\/uploads\/2022\/09\/EquipeNationale-Belgique-70-Line-DESTRAIT-683x1024.jpg 683w, https:\/\/www.impro-geneve.ch\/mondial\/wp-content\/uploads\/2022\/09\/EquipeNationale-Belgique-70-Line-DESTRAIT-768x1152.jpg 768w, https:\/\/www.impro-geneve.ch\/mondial\/wp-content\/uploads\/2022\/09\/EquipeNationale-Belgique-70-Line-DESTRAIT-1024x1536.jpg 1024w, https:\/\/www.impro-geneve.ch\/mondial\/wp-content\/uploads\/2022\/09\/EquipeNationale-Belgique-70-Line-DESTRAIT-1365x2048.jpg 1365w, https:\/\/www.impro-geneve.ch\/mondial\/wp-content\/uploads\/2022\/09\/EquipeNationale-Belgique-70-Line-DESTRAIT-624x936.jpg 624w, https:\/\/www.impro-geneve.ch\/mondial\/wp-content\/uploads\/2022\/09\/EquipeNationale-Belgique-70-Line-DESTRAIT-scaled.jpg 1706w\" sizes=\"(max-width: 200px) 100vw, 200px\" \/><\/a><\/p>\n<p><a href=\"http:\/\/www.impro-geneve.ch\/mondial\/wp-content\/uploads\/2022\/09\/EquipeNationale-Belgique-71-Gauthier-COUPEZ-scaled.jpg\"><img loading=\"lazy\" class=\"alignnone size-medium wp-image-1331\" src=\"http:\/\/www.impro-geneve.ch\/mondial\/wp-content\/uploads\/2022\/09\/EquipeNationale-Belgique-71-Gauthier-COUPEZ-200x300.jpg\" alt=\"\" width=\"200\" height=\"300\" srcset=\"https:\/\/www.impro-geneve.ch\/mondial\/wp-content\/uploads\/2022\/09\/EquipeNationale-Belgique-71-Gauthier-COUPEZ-200x300.jpg 200w, https:\/\/www.impro-geneve.ch\/mondial\/wp-content\/uploads\/2022\/09\/EquipeNationale-Belgique-71-Gauthier-COUPEZ-682x1024.jpg 682w, https:\/\/www.impro-geneve.ch\/mondial\/wp-content\/uploads\/2022\/09\/EquipeNationale-Belgique-71-Gauthier-COUPEZ-768x1154.jpg 768w, https:\/\/www.impro-geneve.ch\/mondial\/wp-content\/uploads\/2022\/09\/EquipeNationale-Belgique-71-Gauthier-COUPEZ-1023x1536.jpg 1023w, https:\/\/www.impro-geneve.ch\/mondial\/wp-content\/uploads\/2022\/09\/EquipeNationale-Belgique-71-Gauthier-COUPEZ-1363x2048.jpg 1363w, https:\/\/www.impro-geneve.ch\/mondial\/wp-content\/uploads\/2022\/09\/EquipeNationale-Belgique-71-Gauthier-COUPEZ-624x937.jpg 624w, https:\/\/www.impro-geneve.ch\/mondial\/wp-content\/uploads\/2022\/09\/EquipeNationale-Belgique-71-Gauthier-COUPEZ-scaled.jpg 1704w\" sizes=\"(max-width: 200px) 100vw, 200px\" \/><\/a> <a href=\"http:\/\/www.impro-geneve.ch\/mondial\/wp-content\/uploads\/2022\/09\/EquipeNationale-Belgique-72-Camille-DEJEAN-scaled.jpg\"><img loading=\"lazy\" class=\"alignnone size-medium wp-image-1332\" src=\"http:\/\/www.impro-geneve.ch\/mondial\/wp-content\/uploads\/2022\/09\/EquipeNationale-Belgique-72-Camille-DEJEAN-200x300.jpg\" alt=\"\" width=\"200\" height=\"300\" srcset=\"https:\/\/www.impro-geneve.ch\/mondial\/wp-content\/uploads\/2022\/09\/EquipeNationale-Belgique-72-Camille-DEJEAN-200x300.jpg 200w, https:\/\/www.impro-geneve.ch\/mondial\/wp-content\/uploads\/2022\/09\/EquipeNationale-Belgique-72-Camille-DEJEAN-683x1024.jpg 683w, https:\/\/www.impro-geneve.ch\/mondial\/wp-content\/uploads\/2022\/09\/EquipeNationale-Belgique-72-Camille-DEJEAN-768x1152.jpg 768w, https:\/\/www.impro-geneve.ch\/mondial\/wp-content\/uploads\/2022\/09\/EquipeNationale-Belgique-72-Camille-DEJEAN-1024x1536.jpg 1024w, https:\/\/www.impro-geneve.ch\/mondial\/wp-content\/uploads\/2022\/09\/EquipeNationale-Belgique-72-Camille-DEJEAN-1365x2048.jpg 1365w, https:\/\/www.impro-geneve.ch\/mondial\/wp-content\/uploads\/2022\/09\/EquipeNationale-Belgique-72-Camille-DEJEAN-624x936.jpg 624w, https:\/\/www.impro-geneve.ch\/mondial\/wp-content\/uploads\/2022\/09\/EquipeNationale-Belgique-72-Camille-DEJEAN-scaled.jpg 1707w\" sizes=\"(max-width: 200px) 100vw, 200px\" \/><\/a> <a href=\"http:\/\/www.impro-geneve.ch\/mondial\/wp-content\/uploads\/2022\/09\/EquipeNationale-Belgique-69-Benjamin-Nathanian-LEMMENS-scaled.jpg\"><img loading=\"lazy\" class=\"alignnone size-medium wp-image-1329\" src=\"http:\/\/www.impro-geneve.ch\/mondial\/wp-content\/uploads\/2022\/09\/EquipeNationale-Belgique-69-Benjamin-Nathanian-LEMMENS-208x300.jpg\" alt=\"\" width=\"208\" height=\"300\" srcset=\"https:\/\/www.impro-geneve.ch\/mondial\/wp-content\/uploads\/2022\/09\/EquipeNationale-Belgique-69-Benjamin-Nathanian-LEMMENS-208x300.jpg 208w, https:\/\/www.impro-geneve.ch\/mondial\/wp-content\/uploads\/2022\/09\/EquipeNationale-Belgique-69-Benjamin-Nathanian-LEMMENS-709x1024.jpg 709w, https:\/\/www.impro-geneve.ch\/mondial\/wp-content\/uploads\/2022\/09\/EquipeNationale-Belgique-69-Benjamin-Nathanian-LEMMENS-768x1109.jpg 768w, https:\/\/www.impro-geneve.ch\/mondial\/wp-content\/uploads\/2022\/09\/EquipeNationale-Belgique-69-Benjamin-Nathanian-LEMMENS-1064x1536.jpg 1064w, https:\/\/www.impro-geneve.ch\/mondial\/wp-content\/uploads\/2022\/09\/EquipeNationale-Belgique-69-Benjamin-Nathanian-LEMMENS-1418x2048.jpg 1418w, https:\/\/www.impro-geneve.ch\/mondial\/wp-content\/uploads\/2022\/09\/EquipeNationale-Belgique-69-Benjamin-Nathanian-LEMMENS-624x901.jpg 624w, https:\/\/www.impro-geneve.ch\/mondial\/wp-content\/uploads\/2022\/09\/EquipeNationale-Belgique-69-Benjamin-Nathanian-LEMMENS-scaled.jpg 1773w\" sizes=\"(max-width: 208px) 100vw, 208px\" \/><\/a><\/p>\n<p>Dans l&rsquo;ordre : Zelda PHILIPPE, Benjamin HUBERLANT, Line DESTRAIT, Gauthier COUPEZ, Camille DEJEAN, Benjamin Nathanian LEMMENS (coach)<\/p>\n","protected":false},"excerpt":{"rendered":"<p>L&rsquo;\u00e9quipe de Belgique, avec des com\u00e9diens s\u00e9lectionn\u00e9s au sein de la F\u00e9d\u00e9ration belge d&rsquo;improvisation amateur (FBIA).\u00a0 \u00a0 Dans l&rsquo;ordre : Zelda PHILIPPE, Benjamin HUBERLANT, Line DESTRAIT, Gauthier COUPEZ, Camille DEJEAN, Benjamin Nathanian LEMMENS (coach)<\/p>\n","protected":false},"author":2,"featured_media":0,"parent":0,"menu_order":0,"comment_status":"closed","ping_status":"closed","template":"","meta":[],"_links":{"self":[{"href":"https:\/\/www.impro-geneve.ch\/mondial\/wp-json\/wp\/v2\/pages\/808"}],"collection":[{"href":"https:\/\/www.impro-geneve.ch\/mondial\/wp-json\/wp\/v2\/pages"}],"about":[{"href":"https:\/\/www.impro-geneve.ch\/mondial\/wp-json\/wp\/v2\/types\/page"}],"author":[{"embeddable":true,"href":"https:\/\/www.impro-geneve.ch\/mondial\/wp-json\/wp\/v2\/users\/2"}],"replies":[{"embeddable":true,"href":"https:\/\/www.impro-geneve.ch\/mondial\/wp-json\/wp\/v2\/comments?post=808"}],"version-history":[{"count":9,"href":"https:\/\/www.impro-geneve.ch\/mondial\/wp-json\/wp\/v2\/pages\/808\/revisions"}],"predecessor-version":[{"id":1347,"href":"https:\/\/www.impro-geneve.ch\/mondial\/wp-json\/wp\/v2\/pages\/808\/revisions\/1347"}],"wp:attachment":[{"href":"https:\/\/www.impro-geneve.ch\/mondial\/wp-json\/wp\/v2\/media?parent=808"}],"curies":[{"name":"wp","href":"https:\/\/api.w.org\/{rel}","templated":true}]}}